{"id":2838,"date":"2020-12-22T15:15:43","date_gmt":"2020-12-22T14:15:43","guid":{"rendered":"https:\/\/heliusstudy.nl\/gizlilik-politikasi\/"},"modified":"2025-04-02T14:55:15","modified_gmt":"2025-04-02T13:55:15","slug":"gizlilik-politikasi","status":"publish","type":"page","link":"https:\/\/heliusstudy.nl\/tr\/gizlilik-politikasi\/","title":{"rendered":"Gizlilik Politikas\u0131"},"content":{"rendered":"\n<h1 class=\"wp-block-heading\">Gizlilik Politikas\u0131<\/h1>\n\n<p>HELIUS \u00e7al\u0131\u015fmas\u0131n\u0131 ortakla\u015fa y\u00fcr\u00fcten Amsterdam UMC ve GGD Amsterdam, ki\u015fisel verilerinizin g\u00fcvenli\u011fini ve gizlili\u011finizin korunmas\u0131n\u0131 \u00e7ok \u00f6nemli g\u00f6rmektedir. Bu gizlilik bildiriminde, verilerinizle ne yapt\u0131\u011f\u0131m\u0131z\u0131 ve gizlili\u011finizi nas\u0131l korudu\u011fumuzu a\u00e7\u0131kl\u0131yoruz. Ki\u015fisel veriler, bir birey olarak size kadar izlenebilen verilerdir.  <\/p>\n\n<p><\/p>\n\n<p><strong>Ki\u015fisel verileriniz ve bedensel materyallerinizle (bundan sonra veriler olarak an\u0131lacakt\u0131r) ne yap\u0131yoruz?<\/strong><\/p>\n\n<p>HELIUS \u00e7al\u0131\u015fmas\u0131nda yer al\u0131yorsan\u0131z, verilerinizin HELIUS \u00e7al\u0131\u015fmas\u0131 i\u00e7in kullan\u0131lmas\u0131na izin vermeniz i\u00e7in sizinle \u00f6nceden ileti\u015fime ge\u00e7ilmi\u015ftir. B\u00f6ylece verilerinizin (ve bedensel materyallerinizin) HELIUS \u00e7al\u0131\u015fmas\u0131n\u0131n ama\u00e7lar\u0131 do\u011frultusunda toplanmas\u0131na, kullan\u0131lmas\u0131na ve saklanmas\u0131na izin vermi\u015f oldunuz. Verilerinizin toplanmas\u0131, kullan\u0131lmas\u0131 ve saklanmas\u0131, bu ara\u015ft\u0131rmada sorulan sorular\u0131 yan\u0131tlamak ve ara\u015ft\u0131rma sonu\u00e7lar\u0131n\u0131, \u00f6rne\u011fin bilimsel makalelerde yay\u0131nlamak i\u00e7in gereklidir. Ara\u015ft\u0131rma sonu\u00e7lar\u0131 her zaman ki\u015fisel veriler olmadan yay\u0131nlan\u0131r.   <\/p>\n\n<p>S\u00f6z konusu veriler \u015funlard\u0131r:<\/p>\n\n<p>&#8211; ileti\u015fim bilgileri: ad\u0131n\u0131z, adresiniz, e-posta adresiniz, telefon numaran\u0131z, genel muayenehaneniz<\/p>\n\n<p>&#8211; kimlik verileri: do\u011fum tarihiniz, cinsiyetiniz, etnik k\u00f6keniniz<\/p>\n\n<p>&#8211; \u00e7al\u0131\u015fma s\u0131ras\u0131nda toplad\u0131\u011f\u0131m\u0131z sa\u011fl\u0131\u011f\u0131n\u0131zla ilgili (t\u0131bbi) veriler<\/p>\n\n<p>&#8211; V\u00fccut materyali: kan, idrar ve d\u0131\u015fk\u0131 gibi<\/p>\n\n<p>Toplanan verileri yaln\u0131zca bilimsel ara\u015ft\u0131rma i\u00e7in kullan\u0131yoruz. \u0130sim, adres ve di\u011fer ileti\u015fim bilgilerini sizi HELIUS \u00e7al\u0131\u015fmas\u0131na kat\u0131lmaya davet etmek ve\/veya HELIUS \u00e7al\u0131\u015fmas\u0131n\u0131n sonu\u00e7lar\u0131 hakk\u0131nda sizi bilgilendirmek i\u00e7in kullan\u0131yoruz. <\/p>\n\n<p>Onay formunda onay verdiyseniz, GP, eczane, hastane, sa\u011fl\u0131k sigortalar\u0131, ulusal a\u015f\u0131lama program\u0131 ve n\u00fcfus tarama kay\u0131tlar\u0131 gibi sa\u011fl\u0131\u011f\u0131n\u0131zla ilgili verileri kaydeden kurulu\u015flardan da sizden veri talep ediyoruz. Bu ayn\u0131 zamanda veri kaynaklar\u0131ndan talep etti\u011fimiz sizinle ilgili veriler i\u00e7in de ge\u00e7erlidir. HELIUS \u00e7al\u0131\u015fmas\u0131n\u0131n amac\u0131 do\u011frultusunda veri talep etti\u011fimiz veya talep etmi\u015f oldu\u011fumuz veri kaynaklar\u0131 \u015funlard\u0131r:  <\/p>\n\n<ul class=\"wp-block-list\">\n<li>Hastane Bak\u0131m\u0131 Ulusal Anahtar Kayd\u0131<\/li>\n\n\n\n<li>Hollanda Kanser Kay\u0131tlar\u0131<\/li>\n\n\n\n<li>COVID-19 kayd\u0131 (GGD Amsterdam)<\/li>\n\n\n\n<li>Achmea Sa\u011fl\u0131k Veritaban\u0131<\/li>\n\n\n\n<li>ANHA (Academic Network of General Medicine Amsterdam UMC) veritaban\u0131<\/li>\n<\/ul>\n\n<p>Ayr\u0131ca, kurulu\u015flardan ve veri kaynaklar\u0131ndan talep etti\u011fimiz verilerinizi yaln\u0131zca HELIUS anketindeki sorular\u0131 yan\u0131tlamak i\u00e7in topluyor ve kullan\u0131yoruz.<\/p>\n\n<p>HELIUS \u00e7al\u0131\u015fmas\u0131n\u0131n s\u00fcresi 40 y\u0131ld\u0131r. Ara\u015ft\u0131rma verilerinizi ve v\u00fccut materyalinizi HELIUS \u00e7al\u0131\u015fmas\u0131n\u0131n bitiminden sonra 15 y\u0131la kadar sakl\u0131yoruz. Bu s\u00fcre dolduktan sonra verilerinizi ve v\u00fccut materyallerinizi imha ediyoruz.  <\/p>\n\n<p><\/p>\n\n<p><strong>Gizlili\u011finizi nas\u0131l koruyoruz?<\/strong><\/p>\n\n<p><em>Verilerinizin korunmas\u0131<\/em><\/p>\n\n<p>Verilerinizi Genel Veri Koruma Y\u00f6netmeli\u011fi ve y\u00fcr\u00fcrl\u00fckteki di\u011fer gizlilik ve veri koruma d\u00fczenlemelerine uygun olarak \u00f6zenle ele al\u0131yoruz.<\/p>\n\n<p>Gizlili\u011finizi korumak i\u00e7in verilerinizi ve bedensel materyallerinizi bir kodla \u015fifreliyoruz. Ad\u0131n\u0131z\u0131 ve sizi do\u011frudan tan\u0131mlayabilecek di\u011fer verileri \u00e7\u0131kar\u0131yoruz. Verileriniz ve v\u00fccut materyallerinizle \u00e7al\u0131\u015fan ara\u015ft\u0131rmac\u0131lar yaln\u0131zca bu kodu kullan\u0131r. Ad\u0131n\u0131z\u0131 veya adresinizi bilmiyorlar. Ara\u015ft\u0131rma hakk\u0131ndaki raporlarda ve yay\u0131nlarda bile, hi\u00e7 kimse bunun sizinle ilgili oldu\u011funu hat\u0131rlayamaz. \u015eifrelenmi\u015f ara\u015ft\u0131rma verileriniz ve v\u00fccut materyalleriniz bilimsel ara\u015ft\u0131rma yapmak i\u00e7in di\u011fer ara\u015ft\u0131rmac\u0131larla payla\u015f\u0131labilir.     <\/p>\n\n<p>HELIUS \u00e7al\u0131\u015fmas\u0131 kapsam\u0131nda Amsterdam UMC ve GGD d\u0131\u015f\u0131ndaki ara\u015ft\u0131rmac\u0131larla da i\u015fbirli\u011fi yap\u0131yoruz. Yaln\u0131zca kodlanm\u0131\u015f ara\u015ft\u0131rma verilerini veya kodlanm\u0131\u015f v\u00fccut materyallerini payla\u015f\u0131yoruz ve gizlili\u011finizin korunaca\u011f\u0131n\u0131 ve verilerinizi yaln\u0131zca \u00e7al\u0131\u015fman\u0131n amac\u0131 do\u011frultusunda kullanabileceklerini bir s\u00f6zle\u015fmeyle \u015fart ko\u015fuyoruz. <\/p>\n\n<p>HELIUS ara\u015ft\u0131rmas\u0131 kapsam\u0131nda, kodlanm\u0131\u015f verileriniz ve bedensel materyalleriniz Avrupa Birli\u011fi (AB) d\u0131\u015f\u0131nda \u00e7al\u0131\u015fan ara\u015ft\u0131rmac\u0131lara da iletilebilir. Bu \u00fclkelerde, ki\u015fisel verilerinizi koruyan AB kurallar\u0131 ge\u00e7erli de\u011fildir. HELIUS, gizlili\u011finizin ve verilerinizin AB&#8217;de gerekli olan e\u015fde\u011fer bir d\u00fczeyde korunmas\u0131n\u0131 sa\u011flayacakt\u0131r. Bu konudaki anla\u015fmalar\u0131 Avrupa Komisyonu&#8217;nun Standart s\u00f6zle\u015fme maddelerine g\u00f6re bir s\u00f6zle\u015fmeye kaydederiz ve gerekirse ek koruyucu \u00f6nlemler al\u0131n\u0131r.   <\/p>\n\n<p><em>Verilerinize eri\u015fme ve g\u00f6r\u00fcnt\u00fcleme<\/em><\/p>\n\n<p>HELIUS \u00e7al\u0131\u015fmas\u0131n\u0131n \u00e7al\u0131\u015fanlar\u0131 ki\u015fisel verilerinize yaln\u0131zca HELIUS \u00e7al\u0131\u015fmas\u0131yla ilgili i\u015flerinin yerine getirilmesi i\u00e7in gerekli olmas\u0131 halinde eri\u015febilir ve bunlar\u0131 g\u00f6r\u00fcnt\u00fcleyebilir. Bu ama\u00e7la bir gizlilik beyan\u0131 imzalarlar. <\/p>\n\n<p>Buna ek olarak, izleme ve\/veya denetleme yetkilerinden dolay\u0131, ara\u015ft\u0131rman\u0131n d\u00fczg\u00fcn ve g\u00fcvenilir bir \u015fekilde y\u00fcr\u00fct\u00fcl\u00fcp y\u00fcr\u00fct\u00fclmedi\u011fini kontrol etmek i\u00e7in ki\u015filerin verilerinizi \u015fifresiz olarak g\u00f6r\u00fcnt\u00fclemesi gerekebilir. Bu ki\u015filer verilerinizi gizli tutmakla y\u00fck\u00fcml\u00fcd\u00fcr. Bu ki\u015filer a\u015fa\u011f\u0131daki gibidir:  <\/p>\n\n<ul class=\"wp-block-list\">\n<li>Soru\u015fturmay\u0131 izleyen bir kontrol\u00f6r.<\/li>\n\n\n\n<li>Ulusal ve uluslararas\u0131 denetim makamlar\u0131. \u00d6rne\u011fin, Sa\u011fl\u0131k ve Gen\u00e7lik M\u00fcfetti\u015fli\u011fi. <\/li>\n<\/ul>\n\n<p><em>Verilerinizin g\u00fcvenli\u011fini sa\u011flama<\/em><\/p>\n\n<p>Verilerinizi kayba, yetkisiz eri\u015fime veya her t\u00fcrl\u00fc yasa d\u0131\u015f\u0131 i\u015flemeye kar\u015f\u0131 korumak i\u00e7in uygun teknik ve organizasyonel \u00f6nlemleri al\u0131r\u0131z.<\/p>\n\n<p><\/p>\n\n<p><strong>HELIUS \u00e7al\u0131\u015fmas\u0131na art\u0131k kat\u0131lmak istemezseniz ne olur?<\/strong><\/p>\n\n<p>\u0130stedi\u011finiz zaman HELIUS \u00e7al\u0131\u015fmas\u0131nda yer almamaya veya HELIUS \u00e7al\u0131\u015fmas\u0131n\u0131 b\u0131rakmaya karar verebilirsiniz. Neden b\u0131rakmak istedi\u011finizi s\u00f6ylemek zorunda de\u011filsiniz. E\u011fer art\u0131k HELIUS \u00e7al\u0131\u015fmas\u0131na kat\u0131lmak istemedi\u011finizi s\u00f6ylerseniz, o zaman:  <\/p>\n\n<ul class=\"wp-block-list\">\n<li>Sizinle daha fazla ileti\u015fime ge\u00e7meyece\u011fiz.<\/li>\n\n\n\n<li>O andan itibaren hakk\u0131n\u0131zda yeni veri toplamay\u0131z.<\/li>\n<\/ul>\n\n<p>Ara\u015ft\u0131rman\u0131n durduruldu\u011fu zamana kadar toplanan ara\u015ft\u0131rma verileri ve v\u00fccut materyalleri ara\u015ft\u0131rmac\u0131lar taraf\u0131ndan kullan\u0131lmaya devam edilebilir. V\u00fccut materyalinizi imha etmemizi istiyorsan\u0131z l\u00fctfen bize bildirin. V\u00fccut materyalinizle zaten \u00f6l\u00e7\u00fcmler yap\u0131ld\u0131 m\u0131? O zaman ara\u015ft\u0131rmac\u0131 sonu\u00e7lar\u0131n\u0131 kullanmaya devam edebilir. Ara\u015ft\u0131rmac\u0131lar verilerinizi ve v\u00fccut materyalinizi incelerken sadece bir kod kullan\u0131rlar. Yani ad\u0131n\u0131z\u0131 veya adresinizi bilmezler.     <\/p>\n\n<p><\/p>\n\n<p><strong>Ki\u015fisel verilerimin i\u015flenmesinden kim sorumludur?<\/strong><\/p>\n\n<p>Amsterdam UMC ve GGD Amsterdam, bu gizlilik bildiriminde a\u00e7\u0131klanan veri i\u015fleme faaliyetlerinden sorumludur.<\/p>\n\n<p><\/p>\n\n<p><strong>Di\u011fer haklar\u0131m nelerdir?<\/strong><\/p>\n\n<ul class=\"wp-block-list\">\n<li>Denetim: Hangi verilerinizi toplad\u0131\u011f\u0131m\u0131z, kulland\u0131\u011f\u0131m\u0131z ve saklad\u0131\u011f\u0131m\u0131z hakk\u0131nda sizi yaz\u0131l\u0131 olarak bilgilendirmemizi isteme hakk\u0131na sahipsiniz;<\/li>\n\n\n\n<li>D\u00fczeltme: Toplad\u0131\u011f\u0131m\u0131z, kulland\u0131\u011f\u0131m\u0131z veya saklad\u0131\u011f\u0131m\u0131z ki\u015fisel veriler do\u011fru de\u011filse, bizden bunlar\u0131 d\u00fczeltmemizi isteyebilirsiniz;<\/li>\n\n\n\n<li>Silme: HELIUS \u00e7al\u0131\u015fmas\u0131 i\u00e7in verilerinizi toplamam\u0131z\u0131, kullanmam\u0131z\u0131 ve saklamam\u0131z\u0131 art\u0131k kabul etmiyorsan\u0131z veya verilerinize HELIUS \u00e7al\u0131\u015fmas\u0131 i\u00e7in art\u0131k ihtiya\u00e7 duymad\u0131\u011f\u0131m\u0131z\u0131 d\u00fc\u015f\u00fcn\u00fcyorsan\u0131z, bizden s\u00f6z konusu ki\u015fisel verileri silmemizi isteyebilirsiniz;<\/li>\n\n\n\n<li>K\u0131s\u0131tlama: Toplad\u0131\u011f\u0131m\u0131z, kulland\u0131\u011f\u0131m\u0131z veya saklad\u0131\u011f\u0131m\u0131z verilerinizin do\u011frulu\u011funa itiraz ederseniz veya verilerinizin kullan\u0131m\u0131na itiraz ederseniz, itiraz veya itiraz s\u00fcresi boyunca verilerle saklamak d\u0131\u015f\u0131nda hi\u00e7bir \u015fey yapmamam\u0131z\u0131 isteyebilirsiniz;<\/li>\n\n\n\n<li>\u0130tiraz: Verilerinizi toplamam\u0131z, kullanmam\u0131z veya saklamam\u0131z konusunda herhangi bir \u015f\u00fcpheniz varsa itiraz edebilirsiniz.<\/li>\n\n\n\n<li>Veri ta\u015f\u0131nabilirli\u011fi: Verilerinizin size veya sizin belirledi\u011finiz ba\u015fka bir kurulu\u015fa g\u00f6nderilmesini talep etme hakk\u0131na sahipsiniz.<\/li>\n<\/ul>\n\n<p>Ki\u015fisel verilerinizin i\u015flenmesi s\u0131ras\u0131ndaki haklar\u0131n\u0131z hakk\u0131nda genel bilgi i\u00e7in l\u00fctfen \u015fu adresi ziyaret edin:<\/p>\n\n<ul class=\"wp-block-list\">\n<li>Amsterdam UMC&#8217;nin web sitesi<a href=\"https:\/\/www.amc.nl\/web\/mijn-afspraak\/rechten-en-plichten\/patientenvoorlichting\/privacystatement-voor-patienten-bezoekers-en-deelnemers-aan-onderzoeken.htm\" target=\"_blank\" rel=\"noopener\">(https:\/\/www.amc.nl\/web\/mijn-afspraak\/rechten-en-plichten\/patientenvoorlichting\/privacystatement-voor-patienten-bezoekers-en-deelnemers-aan-onderzoeken.htm)<\/a><\/li>\n\n\n\n<li>Ki\u015fisel Veriler Kurumu&#8217;nun internet sitesi<a href=\"http:\/\/www.autoriteitpersoonsgegevens.nl\" target=\"_blank\" rel=\"noopener\">(www.autoriteitpersoonsgegevens.nl)<\/a><\/li>\n<\/ul>\n\n<p>Ki\u015fisel verilerinizin i\u015flenmesiyle ilgili herhangi bir sorunuz veya \u015fikayetiniz varsa, \u00f6ncelikle HELIUS \u00e7al\u0131\u015fma sekretaryas\u0131 ile tel: 020- 5663792 veya e-posta: info@heliusstudie.nl yoluyla ileti\u015fime ge\u00e7menizi \u00f6neririz. Ki\u015fisel verilerinizin i\u015flenmesiyle ilgili \u015fikayetleriniz olmas\u0131 halinde fg@amc.nl adresinden Amsterdam UMC Veri Koruma G\u00f6revlisi veya Ki\u015fisel Veri Kurumu ile de ileti\u015fime ge\u00e7ebilirsiniz. <\/p>\n","protected":false},"excerpt":{"rendered":"<p>Gizlilik Politikas\u0131 HELIUS \u00e7al\u0131\u015fmas\u0131n\u0131 ortakla\u015fa y\u00fcr\u00fcten Amsterdam UMC ve GGD Amsterdam, ki\u015fisel verilerinizin g\u00fcvenli\u011fini ve gizlili\u011finizin korunmas\u0131n\u0131 \u00e7ok \u00f6nemli g\u00f6rmektedir. Bu gizlilik bildiriminde, verilerinizle ne yapt\u0131\u011f\u0131m\u0131z\u0131 ve gizlili\u011finizi nas\u0131l korudu\u011fumuzu a\u00e7\u0131kl\u0131yoruz. Ki\u015fisel veriler, bir birey olarak size kadar izlenebilen verilerdir. Ki\u015fisel verileriniz ve bedensel materyallerinizle (bundan sonra veriler olarak an\u0131lacakt\u0131r) ne yap\u0131yoruz? HELIUS \u00e7al\u0131\u015fmas\u0131nda yer [&hellip;]<\/p>\n","protected":false},"author":3,"featured_media":0,"parent":0,"menu_order":0,"comment_status":"closed","ping_status":"closed","template":"","meta":{"_acf_changed":false,"footnotes":""},"class_list":["post-2838","page","type-page","status-publish","hentry"],"acf":[],"_links":{"self":[{"href":"https:\/\/heliusstudy.nl\/tr\/wp-json\/wp\/v2\/pages\/2838","targetHints":{"allow":["GET"]}}],"collection":[{"href":"https:\/\/heliusstudy.nl\/tr\/wp-json\/wp\/v2\/pages"}],"about":[{"href":"https:\/\/heliusstudy.nl\/tr\/wp-json\/wp\/v2\/types\/page"}],"author":[{"embeddable":true,"href":"https:\/\/heliusstudy.nl\/tr\/wp-json\/wp\/v2\/users\/3"}],"replies":[{"embeddable":true,"href":"https:\/\/heliusstudy.nl\/tr\/wp-json\/wp\/v2\/comments?post=2838"}],"version-history":[{"count":1,"href":"https:\/\/heliusstudy.nl\/tr\/wp-json\/wp\/v2\/pages\/2838\/revisions"}],"predecessor-version":[{"id":2840,"href":"https:\/\/heliusstudy.nl\/tr\/wp-json\/wp\/v2\/pages\/2838\/revisions\/2840"}],"wp:attachment":[{"href":"https:\/\/heliusstudy.nl\/tr\/wp-json\/wp\/v2\/media?parent=2838"}],"curies":[{"name":"wp","href":"https:\/\/api.w.org\/{rel}","templated":true}]}}