{"id":2843,"date":"2025-02-17T15:25:26","date_gmt":"2025-02-17T14:25:26","guid":{"rendered":"https:\/\/heliusstudy.nl\/sorumluluk-reddi\/"},"modified":"2025-06-02T14:38:05","modified_gmt":"2025-06-02T13:38:05","slug":"sorumluluk-reddi","status":"publish","type":"page","link":"https:\/\/heliusstudy.nl\/tr\/sorumluluk-reddi\/","title":{"rendered":"Sorumluluk Reddi"},"content":{"rendered":"\t\t<div data-elementor-type=\"wp-page\" data-elementor-id=\"2843\" class=\"elementor elementor-2843 elementor-2568\" data-elementor-post-type=\"page\">\n\t\t\t\t<div class=\"elementor-element elementor-element-1d934cb5 e-flex e-con-boxed e-con e-parent\" data-id=\"1d934cb5\" data-element_type=\"container\" data-e-type=\"container\" data-settings=\"{&quot;background_background&quot;:&quot;slideshow&quot;,&quot;background_slideshow_gallery&quot;:[],&quot;background_slideshow_loop&quot;:&quot;yes&quot;,&quot;background_slideshow_slide_duration&quot;:5000,&quot;background_slideshow_slide_transition&quot;:&quot;fade&quot;,&quot;background_slideshow_transition_duration&quot;:500}\">\n\t\t\t\t\t<div class=\"e-con-inner\">\n\t\t\t\t<div class=\"elementor-element elementor-element-67cca4a5 elementor-widget elementor-widget-text-editor\" data-id=\"67cca4a5\" data-element_type=\"widget\" data-e-type=\"widget\" data-widget_type=\"text-editor.default\">\n\t\t\t\t<div class=\"elementor-widget-container\">\n\t\t\t\t\t\t\t\t\t<h3><span style=\"color: #800080;\"> <\/span><\/h3>\n<h3><span style=\"color: #993366;\">Sorumluluk Reddi<\/span><\/h3>\n<p>Bu web sitesinin telif haklar\u0131 Amsterdam UMC ve GGD Amsterdam&#8217;a aittir. Bu web sitesinde sunulan bilgilerden hi\u00e7bir hak elde edilemez. Edit\u00f6rler, sayfalar\u0131n i\u00e7eri\u011fini m\u00fcmk\u00fcn oldu\u011funca dikkatli bir \u015fekilde derlemi\u015flerdir, ancak t\u00fcm verilerin tam do\u011frulu\u011fundan sorumlu tutulamazlar. Edit\u00f6rler, harici ba\u011flant\u0131lar arac\u0131l\u0131\u011f\u0131yla ula\u015f\u0131labilen sayfalar\u0131n i\u00e7eri\u011finden de sorumlu de\u011fildir. HELIUS web sitesinin amac\u0131, HELIUS \u00e7al\u0131\u015fmas\u0131ndaki (potansiyel) kat\u0131l\u0131mc\u0131lar\u0131 HELIUS&#8217;a kat\u0131lman\u0131n kendileri i\u00e7in ne anlama geldi\u011fi konusunda bilgilendirmek ve kat\u0131l\u0131mc\u0131lar\u0131 ve di\u011fer ilgili taraflar\u0131 bu \u00e7al\u0131\u015fman\u0131n mevcut durumu ve gelecekte HELIUS&#8217;taki ilgili geli\u015fmeler hakk\u0131nda bilgilendirmektir. Amsterdam UMC ve GGD Amsterdam, HELIUS taraf\u0131ndan bu web sitesinde yay\u0131nlanan ve\/veya internet \u00fczerinden sa\u011flanan veya elde edilen bilgilerin kullan\u0131lmas\u0131 veya kullan\u0131lamamas\u0131 sonucunda do\u011frudan veya dolayl\u0131 olarak ortaya \u00e7\u0131kan herhangi bir zarar i\u00e7in sorumluluk kabul etmez.       <\/p>\n<h6><span style=\"color: #993366;\">Kolofon  <\/span><\/h6>\n<p><strong>\u0130\u00e7erik:<\/strong> HELIUS, info@heliusstudie.nl. Foto\u011fraf: Edith Gerritsma Photography. Tasar\u0131m: Hintofblue, Amsterdam. \u0130n\u015faat: Mad Pack &amp; Brendly B.V. \u00a9 2025   <\/p>\n<p><\/p>\n<p><\/p>\t\t\t\t\t\t\t\t<\/div>\n\t\t\t\t<\/div>\n\t\t\t\t\t<\/div>\n\t\t\t\t<\/div>\n\t\t\t\t<\/div>\n\t\t","protected":false},"excerpt":{"rendered":"<p>Sorumluluk Reddi Bu web sitesinin telif haklar\u0131 Amsterdam UMC ve GGD Amsterdam&#8217;a aittir. Bu web sitesinde sunulan bilgilerden hi\u00e7bir hak elde edilemez. Edit\u00f6rler, sayfalar\u0131n i\u00e7eri\u011fini m\u00fcmk\u00fcn oldu\u011funca dikkatli bir \u015fekilde derlemi\u015flerdir, ancak t\u00fcm verilerin tam do\u011frulu\u011fundan sorumlu tutulamazlar. Edit\u00f6rler, harici ba\u011flant\u0131lar arac\u0131l\u0131\u011f\u0131yla ula\u015f\u0131labilen sayfalar\u0131n i\u00e7eri\u011finden de sorumlu de\u011fildir. HELIUS web sitesinin amac\u0131, HELIUS \u00e7al\u0131\u015fmas\u0131ndaki (potansiyel) [&hellip;]<\/p>\n","protected":false},"author":7,"featured_media":0,"parent":0,"menu_order":0,"comment_status":"closed","ping_status":"closed","template":"","meta":{"_acf_changed":false,"footnotes":""},"class_list":["post-2843","page","type-page","status-publish","hentry"],"acf":[],"_links":{"self":[{"href":"https:\/\/heliusstudy.nl\/tr\/wp-json\/wp\/v2\/pages\/2843","targetHints":{"allow":["GET"]}}],"collection":[{"href":"https:\/\/heliusstudy.nl\/tr\/wp-json\/wp\/v2\/pages"}],"about":[{"href":"https:\/\/heliusstudy.nl\/tr\/wp-json\/wp\/v2\/types\/page"}],"author":[{"embeddable":true,"href":"https:\/\/heliusstudy.nl\/tr\/wp-json\/wp\/v2\/users\/7"}],"replies":[{"embeddable":true,"href":"https:\/\/heliusstudy.nl\/tr\/wp-json\/wp\/v2\/comments?post=2843"}],"version-history":[{"count":11,"href":"https:\/\/heliusstudy.nl\/tr\/wp-json\/wp\/v2\/pages\/2843\/revisions"}],"predecessor-version":[{"id":3224,"href":"https:\/\/heliusstudy.nl\/tr\/wp-json\/wp\/v2\/pages\/2843\/revisions\/3224"}],"wp:attachment":[{"href":"https:\/\/heliusstudy.nl\/tr\/wp-json\/wp\/v2\/media?parent=2843"}],"curies":[{"name":"wp","href":"https:\/\/api.w.org\/{rel}","templated":true}]}}