{"id":2855,"date":"2025-02-17T14:55:39","date_gmt":"2025-02-17T13:55:39","guid":{"rendered":"https:\/\/heliusstudy.nl\/helius-web-sitesinin-kullanimi-icin-gizlilik-beyani\/"},"modified":"2025-04-02T14:55:14","modified_gmt":"2025-04-02T13:55:14","slug":"helius-web-sitesinin-kullanimi-icin-gizlilik-beyani","status":"publish","type":"page","link":"https:\/\/heliusstudy.nl\/tr\/helius-web-sitesinin-kullanimi-icin-gizlilik-beyani\/","title":{"rendered":"HELIUS web sitesinin kullan\u0131m\u0131 i\u00e7in gizlilik beyan\u0131"},"content":{"rendered":"\t\t<div data-elementor-type=\"wp-page\" data-elementor-id=\"2855\" class=\"elementor elementor-2855 elementor-2552\" data-elementor-post-type=\"page\">\n\t\t\t\t<div class=\"elementor-element elementor-element-1d934cb5 e-flex e-con-boxed e-con e-parent\" data-id=\"1d934cb5\" data-element_type=\"container\" data-e-type=\"container\" data-settings=\"{&quot;background_background&quot;:&quot;slideshow&quot;,&quot;background_slideshow_gallery&quot;:[],&quot;background_slideshow_loop&quot;:&quot;yes&quot;,&quot;background_slideshow_slide_duration&quot;:5000,&quot;background_slideshow_slide_transition&quot;:&quot;fade&quot;,&quot;background_slideshow_transition_duration&quot;:500}\">\n\t\t\t\t\t<div class=\"e-con-inner\">\n\t\t\t\t<div class=\"elementor-element elementor-element-67cca4a5 elementor-widget elementor-widget-text-editor\" data-id=\"67cca4a5\" data-element_type=\"widget\" data-e-type=\"widget\" data-widget_type=\"text-editor.default\">\n\t\t\t\t<div class=\"elementor-widget-container\">\n\t\t\t\t\t\t\t\t\t<h3><span style=\"color: #800080;\"> <\/span><\/h3>\n<h3><span style=\"color: #993366;\">HELIUS web sitesini ziyaret ediyorsunuz, bu gizlili\u011finiz i\u00e7in ne anlama geliyor?<\/span><\/h3>\n<p><span style=\"text-align: var(--text-align); color: var( --e-global-color-b59bfcb );\">Web sitemizi ziyaret eden herkesin IP adresini i\u015fliyoruz. IP adresi, internete eri\u015fti\u011finizde bilgisayar\u0131n\u0131za atanan bir numarad\u0131r. Bu, bilgisayar\u0131n\u0131z veya telefonunuz ile HELIUS web sitesi aras\u0131ndaki ileti\u015fimi sa\u011flamak i\u00e7in gereklidir. Bu bilgiler ayr\u0131ca BT g\u00fcvenli\u011fi, te\u015fhis ama\u00e7lar\u0131 ve HELIUS web sitesinin kullan\u0131m\u0131ndaki e\u011filimleri tan\u0131mak ve performans analizi yapmak i\u00e7in de ge\u00e7erlidir. IP adresi k\u0131sa bir s\u00fcre i\u00e7in saklan\u0131r.<\/span><\/p>\n<h6><span style=\"color: #993366;\">\u00c7erezler<\/span><\/h6>\n<p>HELIUS web sitesi \u00e7erez kullanmaz.<\/p>\n<p><\/p>\n<p><\/p>\t\t\t\t\t\t\t\t<\/div>\n\t\t\t\t<\/div>\n\t\t\t\t\t<\/div>\n\t\t\t\t<\/div>\n\t\t\t\t<\/div>\n\t\t","protected":false},"excerpt":{"rendered":"<p>HELIUS web sitesini ziyaret ediyorsunuz, bu gizlili\u011finiz i\u00e7in ne anlama geliyor? Web sitemizi ziyaret eden herkesin IP adresini i\u015fliyoruz. IP adresi, internete eri\u015fti\u011finizde bilgisayar\u0131n\u0131za atanan bir numarad\u0131r. Bu, bilgisayar\u0131n\u0131z veya telefonunuz ile HELIUS web sitesi aras\u0131ndaki ileti\u015fimi sa\u011flamak i\u00e7in gereklidir. Bu bilgiler ayr\u0131ca BT g\u00fcvenli\u011fi, te\u015fhis ama\u00e7lar\u0131 ve HELIUS web sitesinin kullan\u0131m\u0131ndaki e\u011filimleri tan\u0131mak ve [&hellip;]<\/p>\n","protected":false},"author":7,"featured_media":0,"parent":0,"menu_order":0,"comment_status":"closed","ping_status":"closed","template":"","meta":{"_acf_changed":false,"footnotes":""},"class_list":["post-2855","page","type-page","status-publish","hentry"],"acf":[],"_links":{"self":[{"href":"https:\/\/heliusstudy.nl\/tr\/wp-json\/wp\/v2\/pages\/2855","targetHints":{"allow":["GET"]}}],"collection":[{"href":"https:\/\/heliusstudy.nl\/tr\/wp-json\/wp\/v2\/pages"}],"about":[{"href":"https:\/\/heliusstudy.nl\/tr\/wp-json\/wp\/v2\/types\/page"}],"author":[{"embeddable":true,"href":"https:\/\/heliusstudy.nl\/tr\/wp-json\/wp\/v2\/users\/7"}],"replies":[{"embeddable":true,"href":"https:\/\/heliusstudy.nl\/tr\/wp-json\/wp\/v2\/comments?post=2855"}],"version-history":[{"count":5,"href":"https:\/\/heliusstudy.nl\/tr\/wp-json\/wp\/v2\/pages\/2855\/revisions"}],"predecessor-version":[{"id":2873,"href":"https:\/\/heliusstudy.nl\/tr\/wp-json\/wp\/v2\/pages\/2855\/revisions\/2873"}],"wp:attachment":[{"href":"https:\/\/heliusstudy.nl\/tr\/wp-json\/wp\/v2\/media?parent=2855"}],"curies":[{"name":"wp","href":"https:\/\/api.w.org\/{rel}","templated":true}]}}