{"id":3141,"date":"2024-07-02T15:35:42","date_gmt":"2024-07-02T13:35:42","guid":{"rendered":"https:\/\/heliusstudy.nl\/onze-kennis\/"},"modified":"2025-07-16T15:55:33","modified_gmt":"2025-07-16T13:55:33","slug":"bilgimiz","status":"publish","type":"page","link":"https:\/\/heliusstudy.nl\/tr\/bilgimiz\/","title":{"rendered":"Bilgimiz"},"content":{"rendered":"\t\t<div data-elementor-type=\"wp-page\" data-elementor-id=\"3141\" class=\"elementor elementor-3141 elementor-729\" data-elementor-post-type=\"page\">\n\t\t\t\t<div class=\"elementor-element elementor-element-8493bff e-flex e-con-boxed e-con e-parent\" data-id=\"8493bff\" data-element_type=\"container\" data-e-type=\"container\" data-settings=\"{&quot;background_background&quot;:&quot;classic&quot;}\">\n\t\t\t\t\t<div class=\"e-con-inner\">\n\t\t\t\t<div class=\"elementor-element elementor-element-61536c4 elementor-widget elementor-widget-heading\" data-id=\"61536c4\" data-element_type=\"widget\" data-e-type=\"widget\" data-widget_type=\"heading.default\">\n\t\t\t\t<div class=\"elementor-widget-container\">\n\t\t\t\t\t<h1 class=\"elementor-heading-title elementor-size-default\">Bilgimiz\n<\/h1>\t\t\t\t<\/div>\n\t\t\t\t<\/div>\n\t\t\t\t\t<\/div>\n\t\t\t\t<\/div>\n\t\t<div class=\"elementor-element elementor-element-f0327d3 e-flex e-con-boxed e-con e-parent\" data-id=\"f0327d3\" data-element_type=\"container\" data-e-type=\"container\">\n\t\t\t\t\t<div class=\"e-con-inner\">\n\t\t<div class=\"elementor-element elementor-element-baeac66 e-con-full e-flex e-con e-child\" data-id=\"baeac66\" data-element_type=\"container\" data-e-type=\"container\">\n\t\t<div class=\"elementor-element elementor-element-94c31b6 e-con-full e-flex e-con e-child\" data-id=\"94c31b6\" data-element_type=\"container\" data-e-type=\"container\">\n\t\t<div class=\"elementor-element elementor-element-d37adff e-con-full e-flex e-con e-child\" data-id=\"d37adff\" data-element_type=\"container\" data-e-type=\"container\">\n\t\t<div class=\"elementor-element elementor-element-2e9d88d e-con-full filters__mobilePulldown elementor-hidden-desktop elementor-hidden-tablet e-flex e-con e-child\" data-id=\"2e9d88d\" data-element_type=\"container\" data-e-type=\"container\">\n\t\t\t\t<div class=\"elementor-element elementor-element-b3a1d69 elementor-widget elementor-widget-heading\" data-id=\"b3a1d69\" data-element_type=\"widget\" data-e-type=\"widget\" data-widget_type=\"heading.default\">\n\t\t\t\t<div class=\"elementor-widget-container\">\n\t\t\t\t\t<p class=\"elementor-heading-title elementor-size-default\">Filters<\/p>\t\t\t\t<\/div>\n\t\t\t\t<\/div>\n\t\t\t\t<div class=\"elementor-element elementor-element-7e6ec5c elementor-view-default elementor-widget elementor-widget-icon\" data-id=\"7e6ec5c\" data-element_type=\"widget\" data-e-type=\"widget\" data-widget_type=\"icon.default\">\n\t\t\t\t<div class=\"elementor-widget-container\">\n\t\t\t\t\t\t\t<div class=\"elementor-icon-wrapper\">\n\t\t\t<div class=\"elementor-icon\">\n\t\t\t<svg aria-hidden=\"true\" class=\"e-font-icon-svg e-fas-chevron-down\" viewBox=\"0 0 448 512\" xmlns=\"http:\/\/www.w3.org\/2000\/svg\"><path d=\"M207.029 381.476L12.686 187.132c-9.373-9.373-9.373-24.569 0-33.941l22.667-22.667c9.357-9.357 24.522-9.375 33.901-.04L224 284.505l154.745-154.021c9.379-9.335 24.544-9.317 33.901.04l22.667 22.667c9.373 9.373 9.373 24.569 0 33.941L240.971 381.476c-9.373 9.372-24.569 9.372-33.942 0z\"><\/path><\/svg>\t\t\t<\/div>\n\t\t<\/div>\n\t\t\t\t\t\t<\/div>\n\t\t\t\t<\/div>\n\t\t\t\t<\/div>\n\t\t<div class=\"elementor-element elementor-element-3aef2fe e-con-full filters__content e-flex e-con e-child\" data-id=\"3aef2fe\" data-element_type=\"container\" data-e-type=\"container\">\n\t\t<div class=\"elementor-element elementor-element-e500fb4 e-con-full e-flex e-con e-child\" data-id=\"e500fb4\" data-element_type=\"container\" data-e-type=\"container\">\n\t\t\t\t<div class=\"elementor-element elementor-element-1523159 elementor-widget elementor-widget-heading\" data-id=\"1523159\" data-element_type=\"widget\" data-e-type=\"widget\" data-widget_type=\"heading.default\">\n\t\t\t\t<div class=\"elementor-widget-container\">\n\t\t\t\t\t<p class=\"elementor-heading-title elementor-size-default\">Categorie<\/p>\t\t\t\t<\/div>\n\t\t\t\t<\/div>\n\t\t\t\t<div class=\"elementor-element elementor-element-629ad92 filter__noFold elementor-widget elementor-widget-taxonomy-filter\" data-id=\"629ad92\" data-element_type=\"widget\" data-e-type=\"widget\" data-settings=\"{&quot;selected_element&quot;:&quot;09467df&quot;,&quot;taxonomy&quot;:&quot;category&quot;,&quot;multiple_selection&quot;:&quot;yes&quot;,&quot;logical_combination&quot;:&quot;OR&quot;}\" data-widget_type=\"taxonomy-filter.default\">\n\t\t\t\t<div class=\"elementor-widget-container\">\n\t\t\t\t\t\t\t<search class=\"e-filter\" role=\"search\" data-base-url=\"https:\/\/heliusstudy.nl\/tr\/\" data-page-num=\"1\">\n\t\t\t\t\t\t\t<button class=\"e-filter-item\" data-filter=\"resultaten\" aria-pressed=\"false\">Sonu\u00e7lar<\/button>\n\t\t\t\t\t\t\t<button class=\"e-filter-item\" data-filter=\"sub-helius-algemeen\" aria-pressed=\"false\">HELIUS genel<\/button>\n\t\t\t\t\t\t\t<button class=\"e-filter-item\" data-filter=\"sub-hart-en-vaatziekten\" aria-pressed=\"false\">Kalp ve damar hastal\u0131klar\u0131<\/button>\n\t\t\t\t\t\t\t<button class=\"e-filter-item\" data-filter=\"sub-infectieziekten\" aria-pressed=\"false\">Bula\u015f\u0131c\u0131 hastal\u0131klar<\/button>\n\t\t\t\t\t\t\t<button class=\"e-filter-item\" data-filter=\"sub-mentale-stoornissen\" aria-pressed=\"false\">Ruh sa\u011fl\u0131\u011f\u0131<\/button>\n\t\t\t\t\t\t\t<button class=\"e-filter-item\" data-filter=\"sub-overig\" aria-pressed=\"false\">Di\u011fer sonu\u00e7lar<\/button>\n\t\t\t\t\t\t\t<button class=\"e-filter-item\" data-filter=\"haberler\" aria-pressed=\"false\">Haberler<\/button>\n\t\t\t\t\t\t\t<button class=\"e-filter-item\" data-filter=\"media\" aria-pressed=\"false\">Medya<\/button>\n\t\t\t\n\t\t\t\t\t\t\t\t<\/search>\n\t\t\t\t\t\t<\/div>\n\t\t\t\t<\/div>\n\t\t\t\t<\/div>\n\t\t\t\t<\/div>\n\t\t\t\t<\/div>\n\t\t\t\t<\/div>\n\t\t<div class=\"elementor-element elementor-element-408057c e-con-full e-flex e-con e-child\" data-id=\"408057c\" data-element_type=\"container\" data-e-type=\"container\">\n\t\t\t\t<div class=\"elementor-element elementor-element-09467df elementor-grid-2 elementor-grid-tablet-1 elementor-grid-mobile-1 elementor-widget elementor-widget-loop-grid\" data-id=\"09467df\" data-element_type=\"widget\" data-e-type=\"widget\" data-settings=\"{&quot;template_id&quot;:3140,&quot;columns&quot;:2,&quot;columns_tablet&quot;:1,&quot;row_gap&quot;:{&quot;unit&quot;:&quot;px&quot;,&quot;size&quot;:16,&quot;sizes&quot;:[]},&quot;pagination_type&quot;:&quot;numbers_and_prev_next&quot;,&quot;pagination_load_type&quot;:&quot;ajax&quot;,&quot;_skin&quot;:&quot;post&quot;,&quot;columns_mobile&quot;:&quot;1&quot;,&quot;edit_handle_selector&quot;:&quot;[data-elementor-type=\\&quot;loop-item\\&quot;]&quot;,&quot;row_gap_tablet&quot;:{&quot;unit&quot;:&quot;px&quot;,&quot;size&quot;:&quot;&quot;,&quot;sizes&quot;:[]},&quot;row_gap_mobile&quot;:{&quot;unit&quot;:&quot;px&quot;,&quot;size&quot;:&quot;&quot;,&quot;sizes&quot;:[]}}\" data-widget_type=\"loop-grid.post\">\n\t\t\t\t<div class=\"elementor-widget-container\">\n\t\t\t\t\t\t\t<div class=\"elementor-loop-container elementor-grid\" role=\"list\">\n\t\t<style id=\"loop-3140\">.elementor-3140 .elementor-element.elementor-element-7ecf0d1{--display:flex;--flex-direction:column;--container-widget-width:100%;--container-widget-height:initial;--container-widget-flex-grow:0;--container-widget-align-self:initial;--flex-wrap-mobile:wrap;--justify-content:space-between;--gap:0px 0px;--row-gap:0px;--column-gap:0px;--overflow:hidden;--border-radius:8px 8px 8px 8px;--margin-top:0px;--margin-bottom:0px;--margin-left:0px;--margin-right:0px;--padding-top:0px;--padding-bottom:0px;--padding-left:0px;--padding-right:0px;}.elementor-3140 .elementor-element.elementor-element-7ecf0d1:not(.elementor-motion-effects-element-type-background), .elementor-3140 .elementor-element.elementor-element-7ecf0d1 > .elementor-motion-effects-container > .elementor-motion-effects-layer{background-color:var( --e-global-color-primary );}.elementor-3140 .elementor-element.elementor-element-7ecf0d1.e-con{--align-self:stretch;}.elementor-3140 .elementor-element.elementor-element-36d50fe img{width:100%;height:190px;object-fit:cover;object-position:center center;}.elementor-3140 .elementor-element.elementor-element-2122c8d{--display:flex;--flex-direction:column;--container-widget-width:100%;--container-widget-height:initial;--container-widget-flex-grow:0;--container-widget-align-self:initial;--flex-wrap-mobile:wrap;--justify-content:space-between;--gap:16px 16px;--row-gap:16px;--column-gap:16px;--padding-top:24px;--padding-bottom:16px;--padding-left:24px;--padding-right:24px;}.elementor-3140 .elementor-element.elementor-element-da4fd39{--display:flex;--justify-content:space-between;--gap:16px 16px;--row-gap:16px;--column-gap:16px;--margin-top:0px;--margin-bottom:0px;--margin-left:0px;--margin-right:0px;--padding-top:0px;--padding-bottom:0px;--padding-left:0px;--padding-right:0px;}.elementor-3140 .elementor-element.elementor-element-38f3df8 .elementor-icon-list-icon{width:14px;}.elementor-3140 .elementor-element.elementor-element-38f3df8 .elementor-icon-list-icon i{font-size:14px;}.elementor-3140 .elementor-element.elementor-element-38f3df8 .elementor-icon-list-icon svg{--e-icon-list-icon-size:14px;}.elementor-3140 .elementor-element.elementor-element-38f3df8 .elementor-icon-list-text, .elementor-3140 .elementor-element.elementor-element-38f3df8 .elementor-icon-list-text a{color:var( --e-global-color-a788e5d );}.elementor-3140 .elementor-element.elementor-element-38f3df8 .elementor-icon-list-item{font-size:var( --e-global-typography-629ece0-font-size );line-height:var( --e-global-typography-629ece0-line-height );letter-spacing:var( --e-global-typography-629ece0-letter-spacing );word-spacing:var( --e-global-typography-629ece0-word-spacing );}.elementor-3140 .elementor-element.elementor-element-3950f3b{text-align:start;}.elementor-3140 .elementor-element.elementor-element-3950f3b .elementor-heading-title{font-family:var( --e-global-typography-primary-font-family ), Sans-serif;font-size:var( --e-global-typography-primary-font-size );line-height:var( --e-global-typography-primary-line-height );color:var( --e-global-color-e505b07 );}.elementor-3140 .elementor-element.elementor-element-734c3ee .elementor-icon-wrapper{text-align:end;}.elementor-3140 .elementor-element.elementor-element-734c3ee.elementor-view-stacked .elementor-icon{background-color:var( --e-global-color-e505b07 );color:var( --e-global-color-primary );}.elementor-3140 .elementor-element.elementor-element-734c3ee.elementor-view-framed .elementor-icon, .elementor-3140 .elementor-element.elementor-element-734c3ee.elementor-view-default .elementor-icon{color:var( --e-global-color-e505b07 );border-color:var( --e-global-color-e505b07 );}.elementor-3140 .elementor-element.elementor-element-734c3ee.elementor-view-framed .elementor-icon, .elementor-3140 .elementor-element.elementor-element-734c3ee.elementor-view-default .elementor-icon svg{fill:var( --e-global-color-e505b07 );}.elementor-3140 .elementor-element.elementor-element-734c3ee.elementor-view-framed .elementor-icon{background-color:var( --e-global-color-primary );}.elementor-3140 .elementor-element.elementor-element-734c3ee.elementor-view-stacked .elementor-icon svg{fill:var( --e-global-color-primary );}.elementor-3140 .elementor-element.elementor-element-734c3ee .elementor-icon{font-size:12px;padding:8px;border-radius:4px 4px 4px 4px;}.elementor-3140 .elementor-element.elementor-element-734c3ee .elementor-icon svg{height:12px;}.elementor-3140 .elementor-element.elementor-element-734c3ee > .elementor-widget-container{margin:0px 0px 0px 0px;padding:0px 0px 0px 0px;}.elementor-3140 .elementor-element.elementor-element-734c3ee.elementor-element{--align-self:flex-end;}@media(max-width:1024px){.elementor-3140 .elementor-element.elementor-element-38f3df8 .elementor-icon-list-item{font-size:var( --e-global-typography-629ece0-font-size );line-height:var( --e-global-typography-629ece0-line-height );letter-spacing:var( --e-global-typography-629ece0-letter-spacing );word-spacing:var( --e-global-typography-629ece0-word-spacing );}.elementor-3140 .elementor-element.elementor-element-3950f3b .elementor-heading-title{font-size:var( --e-global-typography-primary-font-size );line-height:var( --e-global-typography-primary-line-height );}}@media(max-width:767px){.elementor-3140 .elementor-element.elementor-element-38f3df8 .elementor-icon-list-item{font-size:var( --e-global-typography-629ece0-font-size );line-height:var( --e-global-typography-629ece0-line-height );letter-spacing:var( --e-global-typography-629ece0-letter-spacing );word-spacing:var( --e-global-typography-629ece0-word-spacing );}.elementor-3140 .elementor-element.elementor-element-3950f3b .elementor-heading-title{font-size:var( --e-global-typography-primary-font-size );line-height:var( --e-global-typography-primary-line-height );}}\/* Start custom CSS for container, class: .elementor-element-7ecf0d1 *\/.elementor-3140 .elementor-element.elementor-element-7ecf0d1 {max-width: 380px;}\/* End custom CSS *\/<\/style>\t\t<div data-elementor-type=\"loop-item\" data-elementor-id=\"3140\" class=\"elementor elementor-3140 elementor-569 elementor-569 e-loop-item e-loop-item-3667 post-3667 post type-post status-publish format-standard hentry category-resultaten category-sub-helius-algemeen\" data-elementor-post-type=\"elementor_library\" data-custom-edit-handle=\"1\">\n\t\t\t<a class=\"elementor-element elementor-element-7ecf0d1 e-con-full e-flex e-con e-parent\" data-id=\"7ecf0d1\" data-element_type=\"container\" data-e-type=\"container\" data-settings=\"{&quot;background_background&quot;:&quot;classic&quot;}\" href=\"https:\/\/heliusstudy.nl\/tr\/helius-saglik-monitoru\/\">\n\t\t<div class=\"elementor-element elementor-element-2122c8d e-con-full e-flex e-con e-child\" data-id=\"2122c8d\" data-element_type=\"container\" data-e-type=\"container\">\n\t\t<div class=\"elementor-element elementor-element-da4fd39 e-con-full e-flex e-con e-child\" data-id=\"da4fd39\" data-element_type=\"container\" data-e-type=\"container\">\n\t\t\t\t<div class=\"elementor-element elementor-element-38f3df8 elementor-widget elementor-widget-post-info\" data-id=\"38f3df8\" data-element_type=\"widget\" data-e-type=\"widget\" data-widget_type=\"post-info.default\">\n\t\t\t\t<div class=\"elementor-widget-container\">\n\t\t\t\t\t\t\t<ul class=\"elementor-inline-items elementor-icon-list-items elementor-post-info\">\n\t\t\t\t\t\t\t\t<li class=\"elementor-icon-list-item elementor-repeater-item-ddbeb14 elementor-inline-item\" itemprop=\"about\">\n\t\t\t\t\t\t\t\t\t\t\t\t\t<span class=\"elementor-icon-list-text elementor-post-info__item elementor-post-info__item--type-terms\">\n\t\t\t\t\t\t\t<span class=\"elementor-post-info__item-prefix\">#<\/span>\n\t\t\t\t\t\t\t\t\t\t<span class=\"elementor-post-info__terms-list\">\n\t\t\t\t<span class=\"elementor-post-info__terms-list-item\">Sonu\u00e7lar<\/span>, <span class=\"elementor-post-info__terms-list-item\">HELIUS genel<\/span>\t\t\t\t<\/span>\n\t\t\t\t\t<\/span>\n\t\t\t\t\t\t\t\t<\/li>\n\t\t\t\t<\/ul>\n\t\t\t\t\t\t<\/div>\n\t\t\t\t<\/div>\n\t\t\t\t<div class=\"elementor-element elementor-element-3950f3b elementor-widget elementor-widget-theme-post-title elementor-page-title elementor-widget-heading\" data-id=\"3950f3b\" data-element_type=\"widget\" data-e-type=\"widget\" data-widget_type=\"theme-post-title.default\">\n\t\t\t\t<div class=\"elementor-widget-container\">\n\t\t\t\t\t<p class=\"elementor-heading-title elementor-size-default\">HELIUS Sa\u011fl\u0131k Monit\u00f6r\u00fc<\/p>\t\t\t\t<\/div>\n\t\t\t\t<\/div>\n\t\t\t\t<\/div>\n\t\t\t\t<div class=\"elementor-element elementor-element-734c3ee elementor-view-stacked elementor-shape-square elementor-widget elementor-widget-icon\" data-id=\"734c3ee\" data-element_type=\"widget\" data-e-type=\"widget\" data-widget_type=\"icon.default\">\n\t\t\t\t<div class=\"elementor-widget-container\">\n\t\t\t\t\t\t\t<div class=\"elementor-icon-wrapper\">\n\t\t\t<div class=\"elementor-icon\">\n\t\t\t<svg aria-hidden=\"true\" class=\"e-font-icon-svg e-fas-arrow-right\" viewBox=\"0 0 448 512\" xmlns=\"http:\/\/www.w3.org\/2000\/svg\"><path d=\"M190.5 66.9l22.2-22.2c9.4-9.4 24.6-9.4 33.9 0L441 239c9.4 9.4 9.4 24.6 0 33.9L246.6 467.3c-9.4 9.4-24.6 9.4-33.9 0l-22.2-22.2c-9.5-9.5-9.3-25 .4-34.3L311.4 296H24c-13.3 0-24-10.7-24-24v-32c0-13.3 10.7-24 24-24h287.4L190.9 101.2c-9.8-9.3-10-24.8-.4-34.3z\"><\/path><\/svg>\t\t\t<\/div>\n\t\t<\/div>\n\t\t\t\t\t\t<\/div>\n\t\t\t\t<\/div>\n\t\t\t\t<\/div>\n\t\t\t\t<\/a>\n\t\t\t\t<\/div>\n\t\t\t\t<\/div>\n\t\t\n\t\t\t\t\t\t<\/div>\n\t\t\t\t<\/div>\n\t\t\t\t<\/div>\n\t\t\t\t<\/div>\n\t\t\t\t\t<\/div>\n\t\t\t\t<\/div>\n\t\t\t\t<\/div>\n\t\t","protected":false},"excerpt":{"rendered":"<p>Bilgimiz Filters Categorie Bo\u015f pozisyonlar Haberler Medya Kategorize edilmemi\u015f<\/p>\n","protected":false},"author":3,"featured_media":0,"parent":0,"menu_order":0,"comment_status":"closed","ping_status":"closed","template":"","meta":{"_acf_changed":false,"footnotes":""},"class_list":["post-3141","page","type-page","status-publish","hentry"],"acf":[],"_links":{"self":[{"href":"https:\/\/heliusstudy.nl\/tr\/wp-json\/wp\/v2\/pages\/3141","targetHints":{"allow":["GET"]}}],"collection":[{"href":"https:\/\/heliusstudy.nl\/tr\/wp-json\/wp\/v2\/pages"}],"about":[{"href":"https:\/\/heliusstudy.nl\/tr\/wp-json\/wp\/v2\/types\/page"}],"author":[{"embeddable":true,"href":"https:\/\/heliusstudy.nl\/tr\/wp-json\/wp\/v2\/users\/3"}],"replies":[{"embeddable":true,"href":"https:\/\/heliusstudy.nl\/tr\/wp-json\/wp\/v2\/comments?post=3141"}],"version-history":[{"count":17,"href":"https:\/\/heliusstudy.nl\/tr\/wp-json\/wp\/v2\/pages\/3141\/revisions"}],"predecessor-version":[{"id":3426,"href":"https:\/\/heliusstudy.nl\/tr\/wp-json\/wp\/v2\/pages\/3141\/revisions\/3426"}],"wp:attachment":[{"href":"https:\/\/heliusstudy.nl\/tr\/wp-json\/wp\/v2\/media?parent=3141"}],"curies":[{"name":"wp","href":"https:\/\/api.w.org\/{rel}","templated":true}]}}